{"id":5,"date":"2022-09-27T10:40:42","date_gmt":"2022-09-27T10:40:42","guid":{"rendered":"http:\/\/xn--konflikte-anders-lsen-yec.de\/willkommen-auf-http-xn-konflikte-anders-lsen-yec-de\/"},"modified":"2025-06-15T09:26:21","modified_gmt":"2025-06-15T09:26:21","slug":"willkommen-auf-http-xn-konflikte-anders-lsen-yec-de","status":"publish","type":"page","link":"https:\/\/xn--konflikte-anders-lsen-yec.de\/","title":{"rendered":"Konflikte anders l\u00f6sen"},"content":{"rendered":"\n<div class=\"wp-container-3 wp-block-group\"><div class=\"wp-block-group__inner-container\">\n<div class=\"wp-container-2 wp-block-columns\">\n<div class=\"wp-container-1 wp-block-column\" style=\"flex-basis:100%\"><\/div>\n<\/div>\n<\/div><\/div>\n\n\n\n<p><\/p>\n\n\n\n<figure class=\"wp-block-image size-large\"><img loading=\"lazy\" width=\"768\" height=\"1024\" src=\"http:\/\/xn--konflikte-anders-lsen-yec.de\/wp-content\/uploads\/2022\/09\/IMG_1516-2-768x1024.jpg\" alt=\"\" class=\"wp-image-22\" srcset=\"https:\/\/xn--konflikte-anders-lsen-yec.de\/wp-content\/uploads\/2022\/09\/IMG_1516-2-768x1024.jpg 768w, https:\/\/xn--konflikte-anders-lsen-yec.de\/wp-content\/uploads\/2022\/09\/IMG_1516-2-225x300.jpg 225w, https:\/\/xn--konflikte-anders-lsen-yec.de\/wp-content\/uploads\/2022\/09\/IMG_1516-2-1152x1536.jpg 1152w, https:\/\/xn--konflikte-anders-lsen-yec.de\/wp-content\/uploads\/2022\/09\/IMG_1516-2.jpg 1200w\" sizes=\"(max-width: 706px) 89vw, (max-width: 767px) 82vw, 740px\" \/><\/figure>\n\n\n\n<p>Ich hei\u00dfe Sie  herzlich auf meiner Seite zum Thema Mediation willkommen.<\/p>\n\n\n\n<p>Ich m\u00f6chte Ihnen einen kurzen Einblick in das Thema  erm\u00f6glichen und die Gelegenheit nutzen, mich selbst vorzustellen.<\/p>\n\n\n\n<p>Konflikte sind in der heutigen Welt allgegenw\u00e4rtig. <\/p>\n\n\n\n<p>Vielleicht kennen Sie das aus dem Arbeitsbereich, wo ein stetig herrschender Konflikt ein ganzes Team in seiner Effektivit\u00e4t l\u00e4hmt  oder aus dem Privatleben, wo ein Konflikt mit dem Partner\/der Partnerin oder den Nachbarn die Beziehung nachhaltig beeintr\u00e4chtigt.<\/p>\n\n\n\n<p>Die Trennung vom langj\u00e4hrigen (Ehe-)Partner wirft Fragen auf bei der Versorgung und der Betreuung der Kinder oder auch bei der Aufteilung gemeinsamer Anschaffungen. Mediation kann helfen Familien neu zu gestalten.<\/p>\n\n\n\n<p>In Sportvereinen oder Hilfsorganisationen k\u00f6nnen Konflikte den Spa\u00df an der ehrenamtlichen T\u00e4tigkeit verderben und auch dort schnell ein ganzes Team blockieren.<\/p>\n\n\n\n<p>Bei vielen Konflikten kann eine Mediation zur Aufkl\u00e4rung und L\u00f6sung der Probleme beitragen.<\/p>\n\n\n\n<p>Sprechen Sie mich an. Ich berate Sie gerne. Gemeinsam k\u00f6nnen wir kl\u00e4ren, ob eine Mediation das richtige Format f\u00fcr Sie ist.<\/p>\n\n\n\n<p><\/p>\n\n\n\n<p>Dr. Martin von der Heyden<\/p>\n\n\n\n<p>Mitglied im Berufsverband Mediation e. V.  &#8211; Fachverband zur F\u00f6rderung der Verst\u00e4ndigung in Konflikten<\/p>\n","protected":false},"excerpt":{"rendered":"<p>Ich hei\u00dfe Sie herzlich auf meiner Seite zum Thema Mediation willkommen. Ich m\u00f6chte Ihnen einen kurzen Einblick in das Thema erm\u00f6glichen und die Gelegenheit nutzen, mich selbst vorzustellen. Konflikte sind &hellip; <\/p>\n<p class=\"link-more\"><a href=\"https:\/\/xn--konflikte-anders-lsen-yec.de\/\" class=\"more-link\"><span class=\"screen-reader-text\">\u201eKonflikte anders l\u00f6sen\u201c<\/span> weiterlesen<\/a><\/p>\n","protected":false},"author":1,"featured_media":0,"parent":0,"menu_order":0,"comment_status":"closed","ping_status":"open","template":"","meta":[],"_links":{"self":[{"href":"https:\/\/xn--konflikte-anders-lsen-yec.de\/index.php?rest_route=\/wp\/v2\/pages\/5"}],"collection":[{"href":"https:\/\/xn--konflikte-anders-lsen-yec.de\/index.php?rest_route=\/wp\/v2\/pages"}],"about":[{"href":"https:\/\/xn--konflikte-anders-lsen-yec.de\/index.php?rest_route=\/wp\/v2\/types\/page"}],"author":[{"embeddable":true,"href":"https:\/\/xn--konflikte-anders-lsen-yec.de\/index.php?rest_route=\/wp\/v2\/users\/1"}],"replies":[{"embeddable":true,"href":"https:\/\/xn--konflikte-anders-lsen-yec.de\/index.php?rest_route=%2Fwp%2Fv2%2Fcomments&post=5"}],"version-history":[{"count":13,"href":"https:\/\/xn--konflikte-anders-lsen-yec.de\/index.php?rest_route=\/wp\/v2\/pages\/5\/revisions"}],"predecessor-version":[{"id":192,"href":"https:\/\/xn--konflikte-anders-lsen-yec.de\/index.php?rest_route=\/wp\/v2\/pages\/5\/revisions\/192"}],"wp:attachment":[{"href":"https:\/\/xn--konflikte-anders-lsen-yec.de\/index.php?rest_route=%2Fwp%2Fv2%2Fmedia&parent=5"}],"curies":[{"name":"wp","href":"https:\/\/api.w.org\/{rel}","templated":true}]}}