{"id":40,"date":"2022-09-27T21:29:52","date_gmt":"2022-09-27T21:29:52","guid":{"rendered":"http:\/\/xn--konflikte-anders-lsen-yec.de\/?page_id=40"},"modified":"2025-06-15T09:26:07","modified_gmt":"2025-06-15T09:26:07","slug":"konflikt-coaching","status":"publish","type":"page","link":"https:\/\/xn--konflikte-anders-lsen-yec.de\/?page_id=40","title":{"rendered":"Konflikt-Coaching"},"content":{"rendered":"<div class=\"wp-block-image\">\n<figure class=\"alignleft size-large is-resized\"><img loading=\"lazy\" src=\"http:\/\/xn--konflikte-anders-lsen-yec.de\/wp-content\/uploads\/2022\/09\/cropped-IMG_1517-1024x537.jpg\" alt=\"\" class=\"wp-image-10\" width=\"566\" height=\"297\" srcset=\"https:\/\/xn--konflikte-anders-lsen-yec.de\/wp-content\/uploads\/2022\/09\/cropped-IMG_1517-1024x537.jpg 1024w, https:\/\/xn--konflikte-anders-lsen-yec.de\/wp-content\/uploads\/2022\/09\/cropped-IMG_1517-300x157.jpg 300w, https:\/\/xn--konflikte-anders-lsen-yec.de\/wp-content\/uploads\/2022\/09\/cropped-IMG_1517-768x402.jpg 768w, https:\/\/xn--konflikte-anders-lsen-yec.de\/wp-content\/uploads\/2022\/09\/cropped-IMG_1517.jpg 1500w\" sizes=\"(max-width: 566px) 100vw, 566px\" \/><\/figure><\/div>\n\n\n<p><\/p>\n\n\n\n<p>Ein Konflikt-Coaching kann Ihnen helfen einen L\u00f6sungsweg zu finden, wenn die andere Konfliktpartei noch keine Bereitschaft f\u00fcr eine Mediation zeigt.<\/p>\n\n\n\n<p>Hierbei ist es nicht notwendig, dass die andere Konfliktpartei anwesend ist. Gemeinsam erarbeiten wir die Ursachen des Konflikts und m\u00f6gliche Handlungsoptionen. Das Ziel ist es, Sie zu st\u00e4rken und wieder handlungsf\u00e4hig zu machen.<\/p>\n\n\n\n<p>Nehmen Sie gerne unverbindlich mir mir Kontakt auf. <\/p>\n\n\n\n<p>Mitglied im Berufsverband Mediation e. V. &#8211; Fachverband zur F\u00f6rderung der Verst\u00e4ndigung in Konflikten<\/p>\n","protected":false},"excerpt":{"rendered":"<p>Ein Konflikt-Coaching kann Ihnen helfen einen L\u00f6sungsweg zu finden, wenn die andere Konfliktpartei noch keine Bereitschaft f\u00fcr eine Mediation zeigt. Hierbei ist es nicht notwendig, dass die andere Konfliktpartei anwesend &hellip; <\/p>\n<p class=\"link-more\"><a href=\"https:\/\/xn--konflikte-anders-lsen-yec.de\/?page_id=40\" class=\"more-link\"><span class=\"screen-reader-text\">\u201eKonflikt-Coaching\u201c<\/span> weiterlesen<\/a><\/p>\n","protected":false},"author":1,"featured_media":0,"parent":0,"menu_order":0,"comment_status":"closed","ping_status":"closed","template":"","meta":[],"_links":{"self":[{"href":"https:\/\/xn--konflikte-anders-lsen-yec.de\/index.php?rest_route=\/wp\/v2\/pages\/40"}],"collection":[{"href":"https:\/\/xn--konflikte-anders-lsen-yec.de\/index.php?rest_route=\/wp\/v2\/pages"}],"about":[{"href":"https:\/\/xn--konflikte-anders-lsen-yec.de\/index.php?rest_route=\/wp\/v2\/types\/page"}],"author":[{"embeddable":true,"href":"https:\/\/xn--konflikte-anders-lsen-yec.de\/index.php?rest_route=\/wp\/v2\/users\/1"}],"replies":[{"embeddable":true,"href":"https:\/\/xn--konflikte-anders-lsen-yec.de\/index.php?rest_route=%2Fwp%2Fv2%2Fcomments&post=40"}],"version-history":[{"count":9,"href":"https:\/\/xn--konflikte-anders-lsen-yec.de\/index.php?rest_route=\/wp\/v2\/pages\/40\/revisions"}],"predecessor-version":[{"id":179,"href":"https:\/\/xn--konflikte-anders-lsen-yec.de\/index.php?rest_route=\/wp\/v2\/pages\/40\/revisions\/179"}],"wp:attachment":[{"href":"https:\/\/xn--konflikte-anders-lsen-yec.de\/index.php?rest_route=%2Fwp%2Fv2%2Fmedia&parent=40"}],"curies":[{"name":"wp","href":"https:\/\/api.w.org\/{rel}","templated":true}]}}