{"id":39,"date":"2022-09-27T21:26:22","date_gmt":"2022-09-27T21:26:22","guid":{"rendered":"http:\/\/xn--konflikte-anders-lsen-yec.de\/?page_id=39"},"modified":"2025-06-15T09:36:15","modified_gmt":"2025-06-15T09:36:15","slug":"impressum-datenschutz","status":"publish","type":"page","link":"https:\/\/xn--konflikte-anders-lsen-yec.de\/?page_id=39","title":{"rendered":"Impressum\/ Datenschutz"},"content":{"rendered":"\n<p><\/p>\n\n\n\n<p><strong>Dr. med. Martin von der Heyden, B.A<\/strong><em>.<\/em><\/p>\n\n\n\n<p>W.-Rathenau-Str. 49a<\/p>\n\n\n\n<p>17489 Greifswald<\/p>\n\n\n\n<p><strong>Kontakt:<\/strong><\/p>\n\n\n\n<p>Telefon: 0151 70148675<br>E-mail:&nbsp;mail@konflikterhellung.eu<\/p>\n\n\n\n<p><\/p>\n\n\n\n<p>Verantwortlicher f\u00fcr Text und Inhalt Dr. med. Martin von der Heyden.<\/p>\n\n\n\n<p><\/p>\n\n\n\n<p><em>Datenschutzerkl\u00e4rung<\/em><\/p>\n\n\n\n<p><em>Einleitung und allgemeine Angaben<\/em><\/p>\n\n\n\n<p><em>Vielen Dank f\u00fcr Ihr Interesse an unserer Website. Der Schutz Ihrer personenbezogenen Daten ist uns ein sehr<\/em> <em>wichtiges Anliegen. Im Folgenden finden Sie Informationen zum Umgang mit Ihren Daten, die durch Ihre Nutzung<\/em> <em>unserer Website erfasst werden. Die Verarbeitung Ihrer Daten erfolgt entsprechend den gesetzlichen Regelunge<\/em>n <em>zum Datenschutz.<\/em><\/p>\n\n\n\n<p><em>Verantwortliche Stelle im Sinne des Datenschutzrechts<\/em><\/p>\n\n\n\n<p>Dr. Martin von der Heyden<\/p>\n\n\n\n<p>Walther-Rathenau-Str. 49a<\/p>\n\n\n\n<p><em>17489  <\/em>Greifswald<\/p>\n\n\n\n<p>mail@konflikterhellung.eu<\/p>\n\n\n\n<p><em>0151 70148675<\/em><\/p>\n\n\n\n<p><em>Begriffsbestimmungen<\/em><\/p>\n\n\n\n<p><em>Unsere Datenschutzerkl\u00e4rung soll f\u00fcr jedermann einfach und verst\u00e4ndlich sein. In dieser Datenschutzerkl\u00e4rung<\/em> <em>werden in der Regel die offiziellen Begriffe der Datenschutzgrundverordnung (DSGVO) verwendet. Die offiziellen<\/em> <em>Begriffsbestimmungen werden in Art. 4 DSGVO erl\u00e4utert.<\/em><\/p>\n\n\n\n<p><em>Datenverarbeitung durch den Besuch unserer Website<\/em><\/p>\n\n\n\n<p><em>Wenn Sie unsere Webseiten aufrufen, ist es technisch notwendig, dass \u00fcber Ihren Internetbrowser Daten an<\/em> <em>unseren Webserver \u00fcbermittelt werden. Folgende Daten werden w\u00e4hrend einer laufenden Verbindung zur<\/em> <em>Kommunikation zwischen Ihrem Internetbrowser und unserem Webserver aufgezeichnet:<\/em><\/p>\n\n\n\n<p><em>Die aufgelisteten Daten erheben wir, um einen reibungslosen Verbindungsaufbau der Website zu gew\u00e4hrleisten<\/em> <em>und eine komfortable Nutzung unserer Website durch die Nutzer zu erm\u00f6glichen. Zudem dient die Logdatei der<\/em> <em>Auswertung der Systemsicherheit und -stabilit\u00e4t sowie administrativen Zwecken. Rechtsgrundlage f\u00fcr die<\/em> <em>vor\u00fcbergehende Speicherung der Daten bzw. der Logfiles ist Art. 6 Abs. 1 lit. f DSGVO.<\/em><\/p>\n\n\n\n<p><em>Google Analytics<\/em><\/p>\n\n\n\n<p><em>Unsere Website nutzt Google Analytics, einen Internetanalysedienst, der von Google Ireland Limited, Gordon<\/em> <em>House, Barrow Street, Dublin 4, Irland (&#8220;Google&#8221;) zur Verf\u00fcgung gestellt wird. Google Analytics verwendet<\/em> <em>sogenannte &#8220;Cookies&#8221;.<\/em><\/p>\n\n\n\n<p><em>Google wird diese Informationen im Auftrag des Betreibers dieser Website benutzen, um Ihre Nutzung der Website<\/em> <em>auszuwerten und um Reports \u00fcber die Websiteaktivit\u00e4ten zu erstellen. Google wird diese Informationen auch dazu<\/em><\/p>\n\n\n\n<p><em>Datum und Uhrzeit der Anforderung<\/em><\/p>\n\n\n\n<p><em>Name der angeforderten Datei<\/em><\/p>\n\n\n\n<p><em>Seite, von der aus die Datei angefordert wurde<\/em><\/p>\n\n\n\n<p><em>Zugriffsstatus<\/em><\/p>\n\n\n\n<p><em>Verwendeter Webbrowser und verwendetes Betriebssystem<\/em><\/p>\n\n\n\n<p><em>(Vollst\u00e4ndige) IP-Adresse des anfordernden Rechners<\/em><\/p>\n\n\n\n<p><em>\u00dcbertragene Datenmenge<\/em><\/p>\n\n\n\n<p><em>verwenden, dem Website-Betreiber weitere, mit der Nutzung der Website und des Internets verbundene,<\/em> <em>Dienstleistungen zu erbringen. Die von Ihrem Browser im Rahmen von Google Analytics gesendete IP-Adresse wird<\/em> <em>nicht mit anderen Daten von Google kombiniert. Die Verarbeitung erfolgt gem\u00e4\u00df Art. 6 Abs. 1 lit. f DSGVO auf<\/em><\/p>\n\n\n\n<p><em>Grundlage unseres berechtigten Interesses an der statistischen Analyse des Nutzerverhaltens zu Optimierungs und<\/em> <em>Marketingzwecken.<\/em><\/p>\n\n\n\n<p><em>Wir verwenden Google Analytics nur mit aktivierter IP-Anonymisierung. Das bedeutet, Ihre IP-Adresse wird von<\/em> <em>Google nur gek\u00fcrzt weiterverarbeitet. Wir haben mit dem Dienstleister einen Auftragsverarbeitungsvertrag<\/em> <em>geschlossen, in welchem wir ihn verpflichten, die Daten unserer Kunden zu sch\u00fctzen und sie nicht an Dritte<\/em> <em>weiterzugeben. Da eine \u00dcbertragung personenbezogener Daten in die USA erfolgt, sind weitere<\/em> <em>Schutzmechanismen erforderlich, die das Datenschutzniveau der DSGVO sicherstellen. Um dies zu gew\u00e4hrleisten,<\/em> <em>haben wir mit dem Anbieter Standarddatenschutzklauseln gem\u00e4\u00df Art. 46 Abs. 2 lit. c DSGVO vereinbart. Diese<\/em> <em>verpflichten den Empf\u00e4nger der Daten in den USA die Daten entsprechend dem Schutzniveau in Europa zu<\/em> <em>verarbeiten. In F\u00e4llen, in denen dies auch durch diese vertragliche Erweiterung nicht sichergestellt werden kann,<\/em> <em>bem\u00fchen wir uns um dar\u00fcberhinausgehende Regelungen und Zusagen des Empf\u00e4ngers in den USA. Die<\/em> <em>Nutzungsbedingungen von Google Analytics und Informationen zum Datenschutz k\u00f6nnen \u00fcber die folgenden Links<\/em> <em>abgerufen werden: <\/em><\/p>\n\n\n\n<p><em>http:\/\/www.google.com\/analytics\/terms\/de.html https:\/\/www.google.de\/intl\/de\/policies\/<\/em><\/p>\n\n\n\n<p><em>Die Daten werden gel\u00f6scht, sobald sie f\u00fcr die Erreichung des Zweckes ihrer Erhebung nicht mehr erforderlich sind.<\/em><\/p>\n\n\n\n<p><em>Eine L\u00f6schung der Daten auf Nutzer- und Ereignisebene, die mit Cookies, Nutzerkennungen (z. B. User-ID) und<\/em> <em>Werbe-IDs (z. B. DoubleClick-Cookies, Android-Werbe-ID, IDFA [Apple-Kennung f\u00fcr Werbetreibende]) verkn\u00fcpft sind<\/em> <em>erfolgt sp\u00e4testens 14 Monate nach ihrer Erhebung.<\/em><\/p>\n\n\n\n<p><em>Sie k\u00f6nnen das Speichern von Cookies verhindern, indem Sie die Einstellungen Ihrer Browser-Software<\/em> <em>entsprechend anpassen. Wir weisen Sie jedoch darauf hin, dass Sie in diesem Fall gegebenenfalls nicht alle<\/em> <em>Funktionen dieser Website uneingeschr\u00e4nkt nutzen k\u00f6nnen. Sie k\u00f6nnen auch verhindern, dass Google die durch<\/em> <em>den Cookie erzeugten Daten sammelt und Ihre Nutzung der Website (einschlie\u00dflich Ihrer IP-Adresse) analysiert<\/em> <em>und diese Daten durch Google verarbeitet, indem Sie das Browser-Plugin herunterladen und installieren, das unter<\/em><\/p>\n\n\n\n<p><em>https:\/\/tools.google.com\/dlpage\/gaoptout?hl=de <\/em><em>verf\u00fcgbar ist.<\/em><\/p>\n\n\n\n<p><em>Cookies<\/em><\/p>\n\n\n\n<p><em>Unsere Website setzt Cookies ein, die vom Browser auf Ihrem Ger\u00e4t gespeichert werden und die bestimmte<\/em> <em>Einstellungen zur Nutzung der Website enthalten (z. B. zur laufende Sitzung). Cookies dienen dazu, unser Angebot<\/em> <em>nutzerfreundlicher, effektiver und sicherer zu machen. Cookies sind kleine Textdateien, die auf Ihrem Rechner<\/em> <em>abgelegt werden und die Ihr Browser speichert. Die meisten der von uns verwendeten Cookies sind so genannte<\/em><\/p>\n\n\n\n<p><em>Session-Cookies, welche nach dem Schlie\u00dfen des Browsers automatisch gel\u00f6scht werden. Andere Cookies bleiben<\/em> <em>auf Ihrem Endger\u00e4t gespeichert, bis Sie diese l\u00f6schen oder die Speicherdauer abl\u00e4uft. Diese Cookies erm\u00f6glichen<\/em> <em>es uns, Ihren Browser beim n\u00e4chsten Besuch wiederzuerkennen.<\/em><\/p>\n\n\n\n<p><em>Teilweise dienen die Cookies dazu, durch Speicherung von Einstellungen Websiteprozesse zu vereinfachen (z. B.<\/em> <em>das Vorhalten bereits ausgew\u00e4hlter Optionen). Sofern durch einzelne von uns implementierte Cookies auch<\/em> <em>personenbezogene Daten verarbeitet werden, erfolgt die Verarbeitung gem\u00e4\u00df Art. 6 Abs. 1 lit. b DSGVO entweder<\/em> <em>zur Durchf\u00fchrung des Vertrages oder gem\u00e4\u00df Art. 6 Abs. 1 lit. f DSGVO zur Wahrung unserer berechtigten<\/em><\/p>\n\n\n\n<p><em>Interessen an der bestm\u00f6glichen Funktionalit\u00e4t der Website sowie einer kundenfreundlichen und effektiven<\/em> <em>Ausgestaltung des Seitenbesuchs. Sie k\u00f6nnen Ihren Browser so einstellen, dass Sie \u00fcber das Setzen von Cookies<\/em> <em>informiert werden und Cookies nur im Einzelfall erlauben, die Annahme von Cookies f\u00fcr bestimmte F\u00e4lle oder<\/em> <em>generell ausschlie\u00dfen sowie das automatische L\u00f6schen der Cookies beim Schlie\u00dfen des Browsers aktivieren. Die<\/em> <em>Cookie Einstellungen k\u00f6nnen unter den folgenden Links f\u00fcr die jeweiligen Browser verwaltet werden.<\/em><\/p>\n\n\n\n<p><em>Firefox: <\/em><em>https:\/\/support.mozilla.org\/de\/kb\/cookies-erlauben-und-ablehnen<\/em><\/p>\n\n\n\n<p><em>Internet Explorer: <\/em><em>http:\/\/windows.microsoft.com\/de-DE\/windows-vista\/Block-or-allow-cookies<\/em><\/p>\n\n\n\n<p><em>Chrome: <\/em><em>http:\/\/support.google.com\/chrome\/bin\/answer.py?hl=de&amp;hlrm=en&amp;answer=95647<\/em><\/p>\n\n\n\n<p><em>Safari: <\/em><em>https:\/\/support.apple.com\/kb\/ph21411?locale=de_DE<\/em><\/p>\n\n\n\n<p><em>Sie k\u00f6nnen auch die Cookies vieler Unternehmen und Funktionen einzeln verwalten, die f\u00fcr Werbung eingesetzt<\/em> <em>werden. Verwenden Sie dazu die entsprechenden Nutzertools, abrufbar unter https:\/\/www.aboutads.info\/choices\/<\/em><\/p>\n\n\n\n<p><em>oder http:\/\/www.youronlinechoices.com\/uk\/your-ad-choices Die meisten Browser bieten zudem eine sog. \u201eDo-Not-Track-Funktion\u201c an, mit der Sie angeben k\u00f6nnen, dass Sie nicht von Websites \u201everfolgt\u201c werden m\u00f6chten. Wenn<\/em> <em>diese Funktion aktiviert ist, teilt der jeweilige Browser Werbenetzwerken, Websites und Anwendungen mit, dass Sie<\/em> <em>nicht zwecks verhaltensbasierter Werbung und \u00c4hnlichem verfolgt werden m\u00f6chten. Informationen und<\/em> <em>Anleitungen, wie Sie diese Funktion bearbeiten k\u00f6nnen, erhalten Sie je nach Anbieter Ihres Browsers, unter den<\/em> <em>nachfolgenden Links:<\/em><\/p>\n\n\n\n<p><em>Zus\u00e4tzlich k\u00f6nnen Sie standardm\u00e4\u00dfig das Laden sog. Scripts verhindern. NoScript erlaubt das Ausf\u00fchren von<\/em> <em>JavaScripts, Java und anderen Plug-ins nur bei vertrauensw\u00fcrdigen Domains Ihrer Wahl. Informationen und<\/em> <em>Anleitungen, wie Sie diese Funktion bearbeiten k\u00f6nnen, erhalten Sie \u00fcber den Anbieter Ihres Browsers (z. B. f\u00fcr<\/em> <em>Mozilla Firefox unter: https:\/\/addons.mozilla.org\/de\/firefox\/addon\/noscript\/). Bitte beachten Sie, dass bei der<\/em> <em>Deaktivierung von Cookies die Funktionalit\u00e4t dieser Website eingeschr\u00e4nkt sein kann.<\/em><\/p>\n\n\n\n<p><em>Datenweitergabe und Empf\u00e4nger<\/em><\/p>\n\n\n\n<p><em>Eine \u00dcbermittlung Ihrer personenbezogenen Daten an Dritte findet nicht statt, au\u00dfer<\/em> <em>Wir nutzen dar\u00fcber hinaus f\u00fcr die Abwicklung unserer Services externe Dienstleister, die wir sorgf\u00e4ltig ausgew\u00e4hlt<\/em> <em>und schriftlich beauftragt haben. Sie sind an unsere Weisungen gebunden und werden von uns regelm\u00e4\u00dfig<\/em> <em>kontrolliert. Mit welchen wir erforderlichenfalls Auftragsverarbeitungsvertr\u00e4ge gem. Art. 28 DSGVO geschlossen<\/em> <em>haben. Diese sind Dienstleister f\u00fcr das Webhosting, den Versand von E-Mails sowie Wartung und Pflege unserer ITSystemen<\/em> <em>usw. Die Dienstleister werden diese Daten nicht an Dritte weitergeben.<\/em><\/p>\n\n\n\n<p><em>Datensicherheit<\/em><\/p>\n\n\n\n<p><em>Wir treffen nach Ma\u00dfgabe des Art. 32 DSGVO unter Ber\u00fccksichtigung des Stands der Technik, der<\/em> <em>Implementierungskosten und der Art, des Umfangs, der Umst\u00e4nde und der Zwecke der Verarbeitung sowie der<\/em> <em>unterschiedlichen Eintrittswahrscheinlichkeit und Schwere des Risikos f\u00fcr die Rechte und Freiheiten nat\u00fcrlicher<\/em><\/p>\n\n\n\n<p><em>Opera: <\/em><em>https:\/\/help.opera.com\/en\/latest\/web-preferences\/#cookies<\/em><\/p>\n\n\n\n<p><em>Google Chrome: <\/em><em>https:\/\/support.google.com\/chrome\/answer\/2790761?co=GENIE.Platform%3DDesktop&amp;hl=de<\/em><\/p>\n\n\n\n<p><em>Mozilla Firefox: <\/em><em>https:\/\/www.mozilla.org\/de\/firefox\/dnt\/<\/em><\/p>\n\n\n\n<p><em>Internet Explorer: <\/em><em>https:\/\/support.microsoft.com\/de-de\/help\/17288\/windows-internet-explorer-11-use-do-nottrack<\/em><\/p>\n\n\n\n<p><em>Opera: <\/em><em>http:\/\/help.opera.com\/Windows\/12.10\/de\/notrack.html<\/em><\/p>\n\n\n\n<p><em>Safari: <\/em><em>https:\/\/support.apple.com\/kb\/PH21416?locale=de_DE<\/em><\/p>\n\n\n\n<p><em>wenn wir in der Beschreibung der jeweiligen Datenverarbeitung explizit darauf hingewiesen haben.<\/em> <em>wenn Sie ausdr\u00fcckliche Einwilligung nach Art. 6 Abs. 1 S. 1 lit. a DSGVO dazu erteilt haben,<\/em> <em>die Weitergabe nach Art. 6 Abs. 1 S. 1 lit. f DSGVO zur Geltendmachung, Aus\u00fcbung oder Verteidigung von<\/em> <em>Rechtsanspr\u00fcchen erforderlich ist und kein Grund zur Annahme besteht, dass Sie ein \u00fcberwiegendes<\/em> <em>schutzw\u00fcrdiges Interesse an der Nichtweitergabe Ihrer Daten haben,<\/em> <em>im Falle, dass f\u00fcr die Weitergabe nach Art. 6 Abs. 1 S. 1 lit. c DSGVO eine gesetzliche Verpflichtung besteht und<\/em> <em>soweit dies nach Art. 6 Abs. 1 S. 1 lit. b DSGVO f\u00fcr die Abwicklung von Vertragsverh\u00e4ltnissen mit Ihnen<\/em> <em>erforderlich ist.<\/em><\/p>\n\n\n\n<p><em>Personen, geeignete technische und organisatorische Ma\u00dfnahmen, um ein dem Risiko angemessenes<\/em> <em>Schutzniveau zu gew\u00e4hrleisten. Diese Webseite nutzt aus Gr\u00fcnden der Sicherheit und zum Schutz der \u00dcbertragung<\/em> <em>vertraulicher Inhalte eine SSL-Verschl\u00fcsselung.<\/em><\/p>\n\n\n\n<p><em>Dauer der Speicherung personenbezogener Daten<\/em><\/p>\n\n\n\n<p><em>Die Dauer der Speicherung von personenbezogenen Daten bemisst sich an den einschl\u00e4gigen gesetzlichen<\/em> <em>Aufbewahrungsfristen (z. B. aus dem Handelsrecht und dem Steuerrecht). Nach Ablauf der jeweiligen Frist werden<\/em> <em>die entsprechenden Daten routinem\u00e4\u00dfig gel\u00f6scht. Sofern Daten zur Vertragserf\u00fcllung oder Vertragsanbahnung<\/em> <em>erforderlich sind oder unsererseits ein berechtigtes Interesse an der Weiterspeicherung besteht, werden die Daten<\/em> <em>gel\u00f6scht, wenn Sie zu diesen Zwecken nicht mehr erforderlich sind oder Sie von Ihrem Widerrufs- oder<\/em> <em>Widerspruchsrecht Gebrauch gemacht machen.<\/em><\/p>\n\n\n\n<p><em>Ihre Rechte<\/em><\/p>\n\n\n\n<p><em>Im Folgenden finden Sie Informationen dazu, welche Betroffenenrechte das geltende Datenschutzrecht Ihnen<\/em> <em>gegen\u00fcber dem Verantwortlichen hinsichtlich der Verarbeitung Ihrer personenbezogenen Daten gew\u00e4hrt:<\/em><\/p>\n\n\n\n<p><em>Das Recht, gem\u00e4\u00df Art. 15 DSGVO Auskunft \u00fcber Ihre von uns verarbeiteten personenbezogenen Daten zu<\/em> <em>verlangen.<\/em><\/p>\n\n\n\n<p><em>Insbesondere k\u00f6nnen Sie Auskunft \u00fcber die Verarbeitungszwecke, die Kategorie der personenbezogenen Daten, die<\/em> <em>Kategorien von Empf\u00e4ngern, gegen\u00fcber denen Ihre Daten offengelegt wurden oder werden, die geplante Speicherdauer, das Bestehen eines Rechts auf Berichtigung, L\u00f6schung, Einschr\u00e4nkung der Verarbeitung oder<\/em> <em>Widerspruch, das Bestehen eines Beschwerderechts, die Herkunft ihrer Daten, sofern diese nicht bei uns erhoben<\/em> <em>wurden, sowie \u00fcber das Bestehen einer automatisierten Entscheidungsfindung einschlie\u00dflich Profiling und ggf.<\/em> <em>aussagekr\u00e4ftigen Informationen zu deren Einzelheiten verlangen.<\/em><\/p>\n\n\n\n<p><em>Das Recht, gem\u00e4\u00df Art. 16 DSGVO unverz\u00fcglich die Berichtigung unrichtiger oder Vervollst\u00e4ndigung Ihrer bei uns<\/em> <em>gespeicherten personenbezogenen Daten zu verlangen.<\/em><\/p>\n\n\n\n<p><em>Das Recht, gem\u00e4\u00df Art. 17 DSGVO die L\u00f6schung Ihrer bei uns gespeicherten personenbezogenen Daten zu<\/em> <em>verlangen, soweit nicht die Verarbeitung zur Aus\u00fcbung des Rechts auf freie Meinungs\u00e4u\u00dferung und Information,<\/em> <em>zur Erf\u00fcllung einer rechtlichen Verpflichtung, aus Gr\u00fcnden des \u00f6ffentlichen Interesses oder zur Geltendmachung,<\/em> <em>Aus\u00fcbung oder Verteidigung von Rechtsanspr\u00fcchen erforderlich ist.<\/em><\/p>\n\n\n\n<p><em>Das Recht, gem\u00e4\u00df Art. 18 DSGVO die Einschr\u00e4nkung der Verarbeitung Ihrer personenbezogenen Daten zu<\/em> <em>verlangen, soweit die Richtigkeit der Daten von Ihnen bestritten wird, die Verarbeitung unrechtm\u00e4\u00dfig ist, Sie aber<\/em> <em>deren L\u00f6schung ablehnen und wir die Daten nicht mehr ben\u00f6tigen, Sie jedoch diese zur Geltendmachung,<\/em><\/p>\n\n\n\n<p><em>Aus\u00fcbung oder Verteidigung von Rechtsanspr\u00fcchen ben\u00f6tigen oder Sie gem\u00e4\u00df Art. 21 DSGVO Widerspruch gegen<\/em> <em>die Verarbeitung eingelegt haben.<\/em><\/p>\n\n\n\n<p><em>Das Recht, gem\u00e4\u00df Art. 20 DSGVO Ihre personenbezogenen Daten, die Sie uns bereitgestellt haben, in einem<\/em> <em>strukturierten, g\u00e4ngigen und maschinenlesebaren Format zu erhalten oder die \u00dcbermittlung an einen anderen<\/em> <em>Verantwortlichen zu verlangen.<\/em><\/p>\n\n\n\n<p><em>Das Recht, sich gem\u00e4\u00df Art. 77 DSGVO bei einer Aufsichtsbeh\u00f6rde zu beschweren. In der Regel k\u00f6nnen Sie sich<\/em> <em>hierf\u00fcr an die Aufsichtsbeh\u00f6rde des Bundeslandes unseres oben angegebenen Sitzes oder ggf. die Ihres \u00fcblichen<\/em> <em>Aufenthaltsortes oder Arbeitsplatzes wenden.<\/em><\/p>\n\n\n\n<p><em>Recht auf Widerruf erteilter Einwilligungen gem\u00e4\u00df Art. 7 Abs. 3 DSGVO: Sie haben das Recht, eine einmal erteilte<\/em> <em>Einwilligung in die Verarbeitung von Daten jederzeit mit Wirkung f\u00fcr die Zukunft zu widerrufen. Im Falle des<\/em> <em>Widerrufs werden wir die betroffenen Daten unverz\u00fcglich l\u00f6schen, sofern eine weitere Verarbeitung nicht auf eine<\/em> <em>Rechtsgrundlage zur einwilligungslosen Verarbeitung gest\u00fctzt werden kann. Durch den Widerruf der Einwilligung<\/em> <em>wird die Rechtm\u00e4\u00dfigkeit der aufgrund der Einwilligung bis zum Widerruf erfolgten Verarbeitung nicht ber\u00fchrt.<\/em><\/p>\n\n\n\n<p><em>Widerspruchsrecht<\/em><\/p>\n\n\n\n<p><em>Sofern Ihre personenbezogenen Daten von uns auf Grundlage von berechtigten Interessen gem\u00e4\u00df Art. 6 Abs. 1 S. 1<\/em> <em>lit. f DSGVO verarbeitet werden, haben Sie gem\u00e4\u00df Art. 21 DSGVO das Recht, Widerspruch gegen die Verarbeitung<\/em> <em>Ihrer personenbezogenen Daten einzulegen, soweit dies aus Gr\u00fcnde erfolgt, die sich aus Ihrer besonderenSituation ergeben. Soweit sich der Widerspruch gegen die Verarbeitung personenbezogener Daten zum Zwecke<\/em> <em>von Direktwerbung richtet, haben Sie ein generelles Widerspruchsrecht ohne das Erfordernis der Angabe einer<\/em> <em>besonderen Situation. M\u00f6chten Sie von Ihrem Widerrufs- oder Widerspruchsrecht Gebrauch machen, gen\u00fcgt eine EMail<\/em><\/p>\n\n\n\n<p>mail@konflikterhellung.eu<\/p>\n\n\n\n<p><em>Externe Verlinkungen<\/em><\/p>\n\n\n\n<p><em>Soziale Netzwerke (Facebook, Twitter, Xing etc.) sind auf unserer Webseite lediglich als Link zu den<\/em> <em>entsprechenden Diensten eingebunden. Nach dem Anklicken des eingebundenen Text-\/Bild-Links werden Sie auf<\/em> <em>die Seite des jeweiligen Anbieters weitergeleitet. Erst nach der Weiterleitung werden Nutzerinformationen an den<\/em> <em>jeweiligen Anbieter \u00fcbertragen. Informationen zum Umgang mit Ihren personenbezogenen Daten bei Nutzung<\/em> <em>dieser Webseiten entnehmen Sie bitte den jeweiligen Datenschutzbestimmungen der von Ihnen genutzten<\/em> <em>Anbieter.<\/em><\/p>\n\n\n\n<p><em>\u00c4nderungsvorbehalt<\/em><\/p>\n\n\n\n<p><em>Wir behalten uns vor, diese Datenschutzerkl\u00e4rung erforderlichenfalls unter Beachtung der geltenden<\/em> <em>Datenschutzvorschriften anzupassen bzw. zu aktualisieren. Auf diese Weise k\u00f6nnen wir sie den aktuellen<\/em> <em>rechtlichen Anforderungen anpassen und \u00c4nderungen unserer Leistungen ber\u00fccksichtigen, z. B. bei der Einf\u00fchrung<\/em> <em>neuer Services. F\u00fcr Ihren Besuch gilt die jeweils aktuellste Fassung.<\/em><\/p>\n\n\n\n<p><em>Diese Datenschutzerkl\u00e4rung wurde erstellt durch <\/em><em>www.datenschutzexperte.de<\/em><\/p>\n\n\n\n<p><em>Stand dieser Datenschutzerkl\u00e4rung: 28.9.2022<\/em><\/p>\n","protected":false},"excerpt":{"rendered":"<p>Dr. med. Martin von der Heyden, B.A. W.-Rathenau-Str. 49a 17489 Greifswald Kontakt: Telefon: 0151 70148675E-mail:&nbsp;mail@konflikterhellung.eu Verantwortlicher f\u00fcr Text und Inhalt Dr. med. Martin von der Heyden. Datenschutzerkl\u00e4rung Einleitung und allgemeine &hellip; <\/p>\n<p class=\"link-more\"><a href=\"https:\/\/xn--konflikte-anders-lsen-yec.de\/?page_id=39\" class=\"more-link\"><span class=\"screen-reader-text\">\u201eImpressum\/ Datenschutz\u201c<\/span> weiterlesen<\/a><\/p>\n","protected":false},"author":1,"featured_media":0,"parent":0,"menu_order":0,"comment_status":"closed","ping_status":"closed","template":"","meta":[],"_links":{"self":[{"href":"https:\/\/xn--konflikte-anders-lsen-yec.de\/index.php?rest_route=\/wp\/v2\/pages\/39"}],"collection":[{"href":"https:\/\/xn--konflikte-anders-lsen-yec.de\/index.php?rest_route=\/wp\/v2\/pages"}],"about":[{"href":"https:\/\/xn--konflikte-anders-lsen-yec.de\/index.php?rest_route=\/wp\/v2\/types\/page"}],"author":[{"embeddable":true,"href":"https:\/\/xn--konflikte-anders-lsen-yec.de\/index.php?rest_route=\/wp\/v2\/users\/1"}],"replies":[{"embeddable":true,"href":"https:\/\/xn--konflikte-anders-lsen-yec.de\/index.php?rest_route=%2Fwp%2Fv2%2Fcomments&post=39"}],"version-history":[{"count":12,"href":"https:\/\/xn--konflikte-anders-lsen-yec.de\/index.php?rest_route=\/wp\/v2\/pages\/39\/revisions"}],"predecessor-version":[{"id":193,"href":"https:\/\/xn--konflikte-anders-lsen-yec.de\/index.php?rest_route=\/wp\/v2\/pages\/39\/revisions\/193"}],"wp:attachment":[{"href":"https:\/\/xn--konflikte-anders-lsen-yec.de\/index.php?rest_route=%2Fwp%2Fv2%2Fmedia&parent=39"}],"curies":[{"name":"wp","href":"https:\/\/api.w.org\/{rel}","templated":true}]}}