{"id":14,"date":"2022-09-27T21:27:11","date_gmt":"2022-09-27T21:27:11","guid":{"rendered":"http:\/\/xn--konflikte-anders-lsen-yec.de\/?page_id=14"},"modified":"2025-06-15T09:26:50","modified_gmt":"2025-06-15T09:26:50","slug":"wer-bin-ich","status":"publish","type":"page","link":"https:\/\/xn--konflikte-anders-lsen-yec.de\/?page_id=14","title":{"rendered":"Wer bin ich?"},"content":{"rendered":"<div class=\"wp-block-image\">\n<figure class=\"alignright size-large is-resized\"><img loading=\"lazy\" src=\"http:\/\/xn--konflikte-anders-lsen-yec.de\/wp-content\/uploads\/2022\/09\/IMG_1243-edited.jpeg\" alt=\"\" class=\"wp-image-155\" width=\"166\" height=\"242\" srcset=\"https:\/\/xn--konflikte-anders-lsen-yec.de\/wp-content\/uploads\/2022\/09\/IMG_1243-edited.jpeg 1492w, https:\/\/xn--konflikte-anders-lsen-yec.de\/wp-content\/uploads\/2022\/09\/IMG_1243-edited-206x300.jpeg 206w, https:\/\/xn--konflikte-anders-lsen-yec.de\/wp-content\/uploads\/2022\/09\/IMG_1243-edited-703x1024.jpeg 703w, https:\/\/xn--konflikte-anders-lsen-yec.de\/wp-content\/uploads\/2022\/09\/IMG_1243-edited-768x1119.jpeg 768w, https:\/\/xn--konflikte-anders-lsen-yec.de\/wp-content\/uploads\/2022\/09\/IMG_1243-edited-1055x1536.jpeg 1055w, https:\/\/xn--konflikte-anders-lsen-yec.de\/wp-content\/uploads\/2022\/09\/IMG_1243-edited-1406x2048.jpeg 1406w\" sizes=\"(max-width: 166px) 100vw, 166px\" \/><\/figure><\/div>\n\n\n<p><strong>Dr. med. Martin von der Heyden, B.A.<\/strong><\/p>\n\n\n\n<p>Jahrgang 1971<\/p>\n\n\n\n<p>Mediator<\/p>\n\n\n\n<p>Berufsp\u00e4dagoge im Gesundheitswesen<\/p>\n\n\n\n<p>Fachpraxisp\u00e4dagoge<\/p>\n\n\n\n<p>Facharzt f\u00fcr An\u00e4sthesiologie<\/p>\n\n\n\n<p>Arzt f\u00fcr Notfallmedizin<\/p>\n\n\n\n<p>Senior-Instruktor f\u00fcr Crew-Ressource-Management-Trainings<\/p>\n\n\n\n<p>Kurs-Direktor f\u00fcr international zertifizierte Notfall-Kurse (ITLS, AHA)<\/p>\n\n\n\n<p><\/p>\n\n\n\n<p>Mitglied im Berufsverband Mediation e. V. &#8211; Fachverband zur F\u00f6rderung der Verst\u00e4ndigung in Konflikten<\/p>\n","protected":false},"excerpt":{"rendered":"<p>Dr. med. Martin von der Heyden, B.A. Jahrgang 1971 Mediator Berufsp\u00e4dagoge im Gesundheitswesen Fachpraxisp\u00e4dagoge Facharzt f\u00fcr An\u00e4sthesiologie Arzt f\u00fcr Notfallmedizin Senior-Instruktor f\u00fcr Crew-Ressource-Management-Trainings Kurs-Direktor f\u00fcr international zertifizierte Notfall-Kurse (ITLS, AHA) &hellip; <\/p>\n<p class=\"link-more\"><a href=\"https:\/\/xn--konflikte-anders-lsen-yec.de\/?page_id=14\" class=\"more-link\"><span class=\"screen-reader-text\">\u201eWer bin ich?\u201c<\/span> weiterlesen<\/a><\/p>\n","protected":false},"author":1,"featured_media":0,"parent":0,"menu_order":0,"comment_status":"closed","ping_status":"closed","template":"","meta":[],"_links":{"self":[{"href":"https:\/\/xn--konflikte-anders-lsen-yec.de\/index.php?rest_route=\/wp\/v2\/pages\/14"}],"collection":[{"href":"https:\/\/xn--konflikte-anders-lsen-yec.de\/index.php?rest_route=\/wp\/v2\/pages"}],"about":[{"href":"https:\/\/xn--konflikte-anders-lsen-yec.de\/index.php?rest_route=\/wp\/v2\/types\/page"}],"author":[{"embeddable":true,"href":"https:\/\/xn--konflikte-anders-lsen-yec.de\/index.php?rest_route=\/wp\/v2\/users\/1"}],"replies":[{"embeddable":true,"href":"https:\/\/xn--konflikte-anders-lsen-yec.de\/index.php?rest_route=%2Fwp%2Fv2%2Fcomments&post=14"}],"version-history":[{"count":9,"href":"https:\/\/xn--konflikte-anders-lsen-yec.de\/index.php?rest_route=\/wp\/v2\/pages\/14\/revisions"}],"predecessor-version":[{"id":180,"href":"https:\/\/xn--konflikte-anders-lsen-yec.de\/index.php?rest_route=\/wp\/v2\/pages\/14\/revisions\/180"}],"wp:attachment":[{"href":"https:\/\/xn--konflikte-anders-lsen-yec.de\/index.php?rest_route=%2Fwp%2Fv2%2Fmedia&parent=14"}],"curies":[{"name":"wp","href":"https:\/\/api.w.org\/{rel}","templated":true}]}}