{"id":13,"date":"2022-09-27T21:29:39","date_gmt":"2022-09-27T21:29:39","guid":{"rendered":"http:\/\/xn--konflikte-anders-lsen-yec.de\/?page_id=13"},"modified":"2025-06-15T09:26:57","modified_gmt":"2025-06-15T09:26:57","slug":"wo-kann-mediation-unterstuetzen","status":"publish","type":"page","link":"https:\/\/xn--konflikte-anders-lsen-yec.de\/?page_id=13","title":{"rendered":"Wo kann Mediation unterst\u00fctzen?"},"content":{"rendered":"<div class=\"wp-block-image\">\n<figure class=\"aligncenter size-full is-resized\"><img loading=\"lazy\" src=\"http:\/\/xn--konflikte-anders-lsen-yec.de\/wp-content\/uploads\/2022\/09\/IMG_1519-edited.jpg\" alt=\"\" class=\"wp-image-79\" width=\"651\" height=\"867\" srcset=\"https:\/\/xn--konflikte-anders-lsen-yec.de\/wp-content\/uploads\/2022\/09\/IMG_1519-edited.jpg 629w, https:\/\/xn--konflikte-anders-lsen-yec.de\/wp-content\/uploads\/2022\/09\/IMG_1519-edited-225x300.jpg 225w\" sizes=\"(max-width: 651px) 100vw, 651px\" \/><\/figure><\/div>\n\n\n<p>Eine Mediation kann in vielen Bereichen des Lebens eine sinnvolle und gezielte Ma\u00dfnahmen sein, um Konflikte zu l\u00f6sen und ein konstruktives Miteinander zu erm\u00f6glichen:<\/p>\n\n\n\n<ul><li>bei Konflikten am Arbeitsplatz bzw. im Team zwischen Kollegen*innen oder auch zwischen Kolleg*innen und F\u00fchrungskr\u00e4ften.<\/li><li>im Rahmen einer Familienmediation zwischen Lebenspartnern, zwischen Eltern und Kindern oder auch Verwandten.<\/li><li>bei einer Trennung oder Scheidung, wenn es beispielsweise beim Streit um den Wohnort der Kinder, den Unterhalt bzw. Sorgerechtsfragen geht. <\/li><li>bei Konflikten in Vereinen oder Hilfsorganisationen. <\/li><\/ul>\n\n\n\n<p><\/p>\n\n\n\n<p><\/p>\n\n\n\n<p>Mitglied im Berufsverband Mediation e. V. &#8211; Fachverband zur F\u00f6rderung der Verst\u00e4ndigung in Konflikten<\/p>\n\n\n\n<p><\/p>\n","protected":false},"excerpt":{"rendered":"<p>Eine Mediation kann in vielen Bereichen des Lebens eine sinnvolle und gezielte Ma\u00dfnahmen sein, um Konflikte zu l\u00f6sen und ein konstruktives Miteinander zu erm\u00f6glichen: bei Konflikten am Arbeitsplatz bzw. im &hellip; <\/p>\n<p class=\"link-more\"><a href=\"https:\/\/xn--konflikte-anders-lsen-yec.de\/?page_id=13\" class=\"more-link\"><span class=\"screen-reader-text\">\u201eWo kann Mediation unterst\u00fctzen?\u201c<\/span> weiterlesen<\/a><\/p>\n","protected":false},"author":1,"featured_media":0,"parent":0,"menu_order":0,"comment_status":"closed","ping_status":"closed","template":"","meta":[],"_links":{"self":[{"href":"https:\/\/xn--konflikte-anders-lsen-yec.de\/index.php?rest_route=\/wp\/v2\/pages\/13"}],"collection":[{"href":"https:\/\/xn--konflikte-anders-lsen-yec.de\/index.php?rest_route=\/wp\/v2\/pages"}],"about":[{"href":"https:\/\/xn--konflikte-anders-lsen-yec.de\/index.php?rest_route=\/wp\/v2\/types\/page"}],"author":[{"embeddable":true,"href":"https:\/\/xn--konflikte-anders-lsen-yec.de\/index.php?rest_route=\/wp\/v2\/users\/1"}],"replies":[{"embeddable":true,"href":"https:\/\/xn--konflikte-anders-lsen-yec.de\/index.php?rest_route=%2Fwp%2Fv2%2Fcomments&post=13"}],"version-history":[{"count":6,"href":"https:\/\/xn--konflikte-anders-lsen-yec.de\/index.php?rest_route=\/wp\/v2\/pages\/13\/revisions"}],"predecessor-version":[{"id":182,"href":"https:\/\/xn--konflikte-anders-lsen-yec.de\/index.php?rest_route=\/wp\/v2\/pages\/13\/revisions\/182"}],"wp:attachment":[{"href":"https:\/\/xn--konflikte-anders-lsen-yec.de\/index.php?rest_route=%2Fwp%2Fv2%2Fmedia&parent=13"}],"curies":[{"name":"wp","href":"https:\/\/api.w.org\/{rel}","templated":true}]}}