{"id":12,"date":"2022-09-27T19:47:15","date_gmt":"2022-09-27T19:47:15","guid":{"rendered":"http:\/\/xn--konflikte-anders-lsen-yec.de\/?page_id=12"},"modified":"2025-06-15T09:26:43","modified_gmt":"2025-06-15T09:26:43","slug":"was-ist-mediation","status":"publish","type":"page","link":"https:\/\/xn--konflikte-anders-lsen-yec.de\/?page_id=12","title":{"rendered":"Was ist Mediation?"},"content":{"rendered":"\n<figure class=\"wp-block-image size-large\"><img loading=\"lazy\" width=\"1024\" height=\"537\" src=\"http:\/\/xn--konflikte-anders-lsen-yec.de\/wp-content\/uploads\/2022\/09\/cropped-IMG_1517-1024x537.jpg\" alt=\"\" class=\"wp-image-10\" srcset=\"https:\/\/xn--konflikte-anders-lsen-yec.de\/wp-content\/uploads\/2022\/09\/cropped-IMG_1517-1024x537.jpg 1024w, https:\/\/xn--konflikte-anders-lsen-yec.de\/wp-content\/uploads\/2022\/09\/cropped-IMG_1517-300x157.jpg 300w, https:\/\/xn--konflikte-anders-lsen-yec.de\/wp-content\/uploads\/2022\/09\/cropped-IMG_1517-768x402.jpg 768w, https:\/\/xn--konflikte-anders-lsen-yec.de\/wp-content\/uploads\/2022\/09\/cropped-IMG_1517.jpg 1500w\" sizes=\"(max-width: 706px) 89vw, (max-width: 767px) 82vw, 740px\" \/><\/figure>\n\n\n\n<p>Mediation ist ein strukturiertes Verfahren, das in vielen konfliktr\u00e4chtigen Bereichen des Lebens zur Anwendung kommen kann. Der Begriff &#8220;Mediation&#8221; kann mit Vermittlung \u00fcbersetzt werden. Ziel ist es, dass ein unparteiischer (allparteilicher) Dritter den Konflikt als Mediator vermittelt. Das Konzept der Mediation bietet sich an, wenn Streitparteien in einer Sackgasse stecken und den Konflikt aus eigener Kraft nicht mehr l\u00f6sen k\u00f6nnen.<\/p>\n\n\n\n<p>Ein Mediator ist allparteilich, er gibt den Konfliktparteien die Struktur und Unterst\u00fctzung, die ben\u00f6tigt wird um die Probleme angemessen darzustellen, hierbei ber\u00fccksichtigt er die Interessen beider Konfliktparteien. Das Ziel einer Mediation ist es, eine Vereibarung der beiden Parteien zu schaffen, die ein konstruktives Miteinander zul\u00e4sst.<\/p>\n\n\n\n<p>Grunds\u00e4tzlich ist eine Mediation vertraulich, was bedeutet, dass alles was gesagt wird zwischen Ihnen und dem Mediator bleibt. Ihnen selbst steht es nat\u00fcrlich zu offen dar\u00fcber zu kommunizieren. Insbesondere im beruflichen Umfeld kann es sinnvoll sein Vorgesetzte \u00fcber eine getroffene Vereinbarungen zu informieren. <\/p>\n\n\n\n<p>Im Rahmen von famili\u00e4ren Konflikten k\u00f6nnen diese Vereinbarungen dem Familiengericht mitgeteilt werden, in einem Verein oder einer Hilfsorganisation dem Vorstand.<\/p>\n\n\n\n<p>Als au\u00dfergerichtliches Konfliktl\u00f6sungsverfahren ist eine Mediation Zeit und Kosten sparend.<\/p>\n\n\n\n<p>Mediation ist:<\/p>\n\n\n\n<ul><li>vertraulich<\/li><li>strukturiert<\/li><li>freiwillig<\/li><li>ergebnisoffen<\/li><\/ul>\n\n\n\n<p>In der Regel ben\u00f6tigt man, um zu einer Vereinbarung zu kommen mehrere Sitzungen von 60 bis 90 min\u00fctiger Dauer.<\/p>\n\n\n\n<figure class=\"wp-block-embed is-type-video is-provider-youtube wp-block-embed-youtube wp-embed-aspect-16-9 wp-has-aspect-ratio\"><div class=\"wp-block-embed__wrapper\">\n<iframe loading=\"lazy\" title=\"Mediation - Konflikte konstruktiv l\u00f6sen. Bundesverband Mediation e.V.\" width=\"525\" height=\"295\" src=\"https:\/\/www.youtube.com\/embed\/k5O062gjY_I?start=161&#038;feature=oembed\" frameborder=\"0\" allow=\"accelerometer; autoplay; clipboard-write; encrypted-media; gyroscope; picture-in-picture\" allowfullscreen><\/iframe>\n<\/div><figcaption>Mediation -Konflikte konstruktiv l\u00f6sen. Bundesverband Mediation<\/figcaption><\/figure>\n\n\n\n<p>Rufen Sie mich unter 0160 63 73 169 an oder schreiben sie eine Email an mail@konflikterhellung.eu.<\/p>\n\n\n\n<p>Mitglied im Berufsverband Mediation e. V. &#8211; Fachverband zur F\u00f6rderung der Verst\u00e4ndigung in Konflikten<\/p>\n","protected":false},"excerpt":{"rendered":"<p>Mediation ist ein strukturiertes Verfahren, das in vielen konfliktr\u00e4chtigen Bereichen des Lebens zur Anwendung kommen kann. Der Begriff &#8220;Mediation&#8221; kann mit Vermittlung \u00fcbersetzt werden. Ziel ist es, dass ein unparteiischer &hellip; <\/p>\n<p class=\"link-more\"><a href=\"https:\/\/xn--konflikte-anders-lsen-yec.de\/?page_id=12\" class=\"more-link\"><span class=\"screen-reader-text\">\u201eWas ist Mediation?\u201c<\/span> weiterlesen<\/a><\/p>\n","protected":false},"author":1,"featured_media":0,"parent":0,"menu_order":0,"comment_status":"closed","ping_status":"closed","template":"","meta":[],"_links":{"self":[{"href":"https:\/\/xn--konflikte-anders-lsen-yec.de\/index.php?rest_route=\/wp\/v2\/pages\/12"}],"collection":[{"href":"https:\/\/xn--konflikte-anders-lsen-yec.de\/index.php?rest_route=\/wp\/v2\/pages"}],"about":[{"href":"https:\/\/xn--konflikte-anders-lsen-yec.de\/index.php?rest_route=\/wp\/v2\/types\/page"}],"author":[{"embeddable":true,"href":"https:\/\/xn--konflikte-anders-lsen-yec.de\/index.php?rest_route=\/wp\/v2\/users\/1"}],"replies":[{"embeddable":true,"href":"https:\/\/xn--konflikte-anders-lsen-yec.de\/index.php?rest_route=%2Fwp%2Fv2%2Fcomments&post=12"}],"version-history":[{"count":11,"href":"https:\/\/xn--konflikte-anders-lsen-yec.de\/index.php?rest_route=\/wp\/v2\/pages\/12\/revisions"}],"predecessor-version":[{"id":167,"href":"https:\/\/xn--konflikte-anders-lsen-yec.de\/index.php?rest_route=\/wp\/v2\/pages\/12\/revisions\/167"}],"wp:attachment":[{"href":"https:\/\/xn--konflikte-anders-lsen-yec.de\/index.php?rest_route=%2Fwp%2Fv2%2Fmedia&parent=12"}],"curies":[{"name":"wp","href":"https:\/\/api.w.org\/{rel}","templated":true}]}}