{"id":108,"date":"2022-09-28T09:18:39","date_gmt":"2022-09-28T09:18:39","guid":{"rendered":"http:\/\/xn--konflikte-anders-lsen-yec.de\/?page_id=108"},"modified":"2025-06-15T09:26:32","modified_gmt":"2025-06-15T09:26:32","slug":"k","status":"publish","type":"page","link":"https:\/\/xn--konflikte-anders-lsen-yec.de\/?page_id=108","title":{"rendered":"Kontakt"},"content":{"rendered":"\n<p>Wenn Sie das Gef\u00fchl haben einen Mediator f\u00fcr einen Konflikt zu ben\u00f6tigen oder Sie sich einfach unverbindlich beraten lassen m\u00f6chten, dann freue ich mich \u00fcber Ihre Kontaktaufnahme.<\/p>\n\n\n\n<p>Dr. Martin von der Heyden<\/p>\n\n\n\n<p>Mobil: 0151 70 14 86 75<\/p>\n\n\n\n<p>Mail: mail@konflikterhellung.eu<\/p>\n\n\n\n<p>Sollte ich telefonisch nicht  erreichbar sein, hinterlassen Sie bitte Ihre Telefonnummer und ich rufe Sie schnellstm\u00f6glich zur\u00fcck.<\/p>\n\n\n\n<p>Mitglied im Berufsverband Mediation e. V. &#8211; Fachverband zur F\u00f6rderung der Verst\u00e4ndigung in Konflikten<\/p>\n","protected":false},"excerpt":{"rendered":"<p>Wenn Sie das Gef\u00fchl haben einen Mediator f\u00fcr einen Konflikt zu ben\u00f6tigen oder Sie sich einfach unverbindlich beraten lassen m\u00f6chten, dann freue ich mich \u00fcber Ihre Kontaktaufnahme. Dr. Martin von &hellip; <\/p>\n<p class=\"link-more\"><a href=\"https:\/\/xn--konflikte-anders-lsen-yec.de\/?page_id=108\" class=\"more-link\"><span class=\"screen-reader-text\">\u201eKontakt\u201c<\/span> weiterlesen<\/a><\/p>\n","protected":false},"author":1,"featured_media":0,"parent":0,"menu_order":0,"comment_status":"closed","ping_status":"closed","template":"","meta":[],"_links":{"self":[{"href":"https:\/\/xn--konflikte-anders-lsen-yec.de\/index.php?rest_route=\/wp\/v2\/pages\/108"}],"collection":[{"href":"https:\/\/xn--konflikte-anders-lsen-yec.de\/index.php?rest_route=\/wp\/v2\/pages"}],"about":[{"href":"https:\/\/xn--konflikte-anders-lsen-yec.de\/index.php?rest_route=\/wp\/v2\/types\/page"}],"author":[{"embeddable":true,"href":"https:\/\/xn--konflikte-anders-lsen-yec.de\/index.php?rest_route=\/wp\/v2\/users\/1"}],"replies":[{"embeddable":true,"href":"https:\/\/xn--konflikte-anders-lsen-yec.de\/index.php?rest_route=%2Fwp%2Fv2%2Fcomments&post=108"}],"version-history":[{"count":8,"href":"https:\/\/xn--konflikte-anders-lsen-yec.de\/index.php?rest_route=\/wp\/v2\/pages\/108\/revisions"}],"predecessor-version":[{"id":185,"href":"https:\/\/xn--konflikte-anders-lsen-yec.de\/index.php?rest_route=\/wp\/v2\/pages\/108\/revisions\/185"}],"wp:attachment":[{"href":"https:\/\/xn--konflikte-anders-lsen-yec.de\/index.php?rest_route=%2Fwp%2Fv2%2Fmedia&parent=108"}],"curies":[{"name":"wp","href":"https:\/\/api.w.org\/{rel}","templated":true}]}}